{"id":348,"date":"2019-10-02T14:07:10","date_gmt":"2019-10-02T14:07:10","guid":{"rendered":"https:\/\/sites.ego-gw.eu\/ilritmodellospazio\/?page_id=348"},"modified":"2019-10-04T08:00:20","modified_gmt":"2019-10-04T08:00:20","slug":"gorka-alda","status":"publish","type":"page","link":"https:\/\/sites.ego-gw.eu\/ilritmodellospazio\/gorka-alda\/","title":{"rendered":"Gorka Alda"},"content":{"rendered":"<p>[et_pb_section fb_built=&#8221;1&#8243; admin_label=&#8221;Header&#8221; _builder_version=&#8221;3.24&#8243; background_image=&#8221;https:\/\/sites.ego-gw.eu\/ilritmodellospazio\/wp-content\/uploads\/sites\/2\/2019\/10\/art-gallery-55.jpg&#8221; background_size=&#8221;initial&#8221; background_repeat=&#8221;repeat&#8221; fb_built=&#8221;1&#8243; _i=&#8221;0&#8243; _address=&#8221;0&#8243;][et_pb_row custom_padding_last_edited=&#8221;off|phone&#8221; _builder_version=&#8221;3.29.3&#8243; background_position=&#8221;bottom_center&#8221; custom_padding_tablet=&#8221;17vw||17vw||false&#8221; use_custom_width=&#8221;on&#8221; width_unit=&#8221;off&#8221; custom_width_percent=&#8221;100%&#8221; locked=&#8221;off&#8221; _i=&#8221;0&#8243; _address=&#8221;0.0&#8243;][et_pb_column type=&#8221;4_4&#8243; _builder_version=&#8221;3.25&#8243; custom_padding=&#8221;|||&#8221; _i=&#8221;0&#8243; _address=&#8221;0.0.0&#8243; custom_padding__hover=&#8221;|||&#8221;][et_pb_text _builder_version=&#8221;3.29.3&#8243; text_font=&#8221;||||||||&#8221; header_font=&#8221;||||||||&#8221; header_2_font=&#8221;Prata|500|||||||&#8221; header_2_text_align=&#8221;left&#8221; header_2_font_size=&#8221;56px&#8221; header_2_line_height=&#8221;1.3em&#8221; transform_translate_linked=&#8221;off&#8221; max_width=&#8221;100%&#8221; max_width_tablet=&#8221;70%&#8221; max_width_last_edited=&#8221;off|phone&#8221; header_2_font_size_tablet=&#8221;40px&#8221; header_2_font_size_phone=&#8221;26px&#8221; header_2_font_size_last_edited=&#8221;on|desktop&#8221; _i=&#8221;0&#8243; _address=&#8221;0.0.0.0&#8243;]<\/p>\n<h2>Gorka Alda<\/h2>\n<p>[\/et_pb_text][\/et_pb_column][\/et_pb_row][et_pb_row _builder_version=&#8221;3.25&#8243; _i=&#8221;1&#8243; _address=&#8221;0.1&#8243;][et_pb_column type=&#8221;4_4&#8243; _builder_version=&#8221;3.25&#8243; custom_padding=&#8221;|||&#8221; _i=&#8221;0&#8243; _address=&#8221;0.1.0&#8243; custom_padding__hover=&#8221;|||&#8221;][et_pb_text _builder_version=&#8221;3.29.3&#8243; text_font=&#8221;||||||||&#8221; header_font=&#8221;||||||||&#8221; max_width=&#8221;700px&#8221; module_alignment=&#8221;center&#8221; _i=&#8221;0&#8243; _address=&#8221;0.1.0.0&#8243;]<\/p>\n<p><img loading=\"lazy\" decoding=\"async\" src=\"https:\/\/sites.ego-gw.eu\/ilritmodellospazio\/wp-content\/uploads\/sites\/2\/2019\/10\/G.Alda_-150x150.png\" width=\"150\" height=\"150\" alt=\"\" class=\"wp-image-207 alignnone size-thumbnail\" \/>\u00a0N\u00e9 \u00e0 San Sebasti\u00e1n, compositeur. Vit et travaille \u00e0 Paris. Il con\u00e7oit des concerts sc\u00e9niques, des installations<br \/> sonores et compose des pi\u00e8ces mixtes (\u00e9lectroacoustiques et instrumentales), principalement dans des espaces<br \/> ext\u00e9rieurs ou non conventionnels, en \u00e9tablissant un dialogue entre la po\u00e9tique de l\u2019espace, la mat\u00e9rialit\u00e9 du lieu et<br \/> l\u2019univers qui le contient. Il a collabor\u00e9 \u00e0 de nombreux projets avec d\u2019autres disciplines, po\u00e9sie, sculpture, arts visuels<br \/> et danse. Prix Rencontre entre les Arts de la Fondation Eduardo Chillida.<\/p>\n<p><em>Compositore nato a San Sebasti\u00e1n. Vive e lavora a Parigi. Progetta e realizza concerti scenici, installazioni<\/em><br \/> <em>sonore e compone brani misti (elettroacustici e strumentali) soprattutto all\u2019esterno e in spazi non convenzionali,<\/em><br \/> <em>stabilendo un dialogo tra la poetica e lo spazio, tra la materialit\u00e0 del luogo e l\u2019universo che lo contiene. Ha partecipato<\/em><br \/> <em>a numerosi progetti dando spazio ad altre discipline, come poesia, scultura, arti visive e danza. Ha ricevuto il<\/em><br \/> <em>Premio Incontro tra le Arti della Fondazione Eduardo Chillida.<\/em><\/p>\n<p>&nbsp;<\/p>\n<p>[\/et_pb_text][\/et_pb_column][\/et_pb_row][et_pb_row _builder_version=&#8221;3.29.3&#8243; _i=&#8221;2&#8243; _address=&#8221;0.2&#8243;][et_pb_column type=&#8221;4_4&#8243; _builder_version=&#8221;3.29.3&#8243; _i=&#8221;0&#8243; _address=&#8221;0.2.0&#8243;][et_pb_button button_url=&#8221;https:\/\/sites.ego-gw.eu\/ilritmodellospazio\/artists-and-scientists\/&#8221; button_text=&#8221;Back&#8221; _builder_version=&#8221;3.29.3&#8243; custom_button=&#8221;on&#8221; button_text_color=&#8221;#000000&#8243; _i=&#8221;0&#8243; _address=&#8221;0.2.0.0&#8243;][\/et_pb_button][\/et_pb_column][\/et_pb_row][\/et_pb_section][et_pb_section fb_built=&#8221;1&#8243; admin_label=&#8221;Footer&#8221; _builder_version=&#8221;3.24&#8243; background_size=&#8221;initial&#8221; background_repeat=&#8221;repeat-y&#8221; custom_padding=&#8221;0px|||||&#8221; saved_tabs=&#8221;all&#8221; locked=&#8221;off&#8221; fb_built=&#8221;1&#8243; _i=&#8221;0&#8243; _address=&#8221;0&#8243; global_module=&#8221;919&#8243;][et_pb_row column_structure=&#8221;1_3,1_3,1_3&#8243; use_custom_gutter=&#8221;on&#8221; gutter_width=&#8221;2&#8243; _builder_version=&#8221;3.25&#8243; border_width_top=&#8221;2px&#8221; _i=&#8221;0&#8243; _address=&#8221;0.0&#8243;][et_pb_column type=&#8221;1_3&#8243; _builder_version=&#8221;3.25&#8243; custom_padding=&#8221;|||&#8221; _i=&#8221;0&#8243; _address=&#8221;0.0.0&#8243; custom_padding__hover=&#8221;|||&#8221;][et_pb_text _builder_version=&#8221;3.29.3&#8243; text_font=&#8221;||||||||&#8221; text_font_size=&#8221;12px&#8221; text_line_height=&#8221;2em&#8221; link_font=&#8221;||||on||||&#8221; link_text_color=&#8221;#666666&#8243; header_font=&#8221;||||||||&#8221; header_text_align=&#8221;left&#8221; header_3_font=&#8221;|700||on|||||&#8221; header_3_font_size=&#8221;12px&#8221; header_3_letter_spacing=&#8221;5px&#8221; header_3_line_height=&#8221;1.8em&#8221; max_width_tablet=&#8221;70%&#8221; max_width_last_edited=&#8221;off|phone&#8221; header_3_font_size_last_edited=&#8221;on|desktop&#8221; locked=&#8221;off&#8221; _i=&#8221;0&#8243; _address=&#8221;0.0.0.0&#8243;]<\/p>\n<h3>MUSEO DELLA GRAFICA<\/h3>\n<p>Palazzo Lanfranchi<br \/> Lungarno Galilei, 9<br \/> 56125 Pisa &#8211; Italia<br \/> <a href=\"https:\/\/museodellagrafica.sma.unipi.it\/\">https:\/\/museodellagrafica.sma.unipi.it\/<\/a><\/p>\n<p>[\/et_pb_text][\/et_pb_column][et_pb_column type=&#8221;1_3&#8243; _builder_version=&#8221;3.25&#8243; custom_padding=&#8221;|||&#8221; _i=&#8221;1&#8243; _address=&#8221;0.0.1&#8243; custom_padding__hover=&#8221;|||&#8221;][et_pb_text _builder_version=&#8221;3.27.4&#8243; text_font=&#8221;||||||||&#8221; text_font_size=&#8221;12px&#8221; text_line_height=&#8221;2em&#8221; link_font=&#8221;||||on||||&#8221; link_text_color=&#8221;#666666&#8243; header_font=&#8221;||||||||&#8221; header_text_align=&#8221;left&#8221; header_3_font=&#8221;|700||on|||||&#8221; header_3_font_size=&#8221;12px&#8221; header_3_letter_spacing=&#8221;5px&#8221; header_3_line_height=&#8221;1.8em&#8221; max_width_tablet=&#8221;70%&#8221; max_width_last_edited=&#8221;off|phone&#8221; header_3_font_size_last_edited=&#8221;on|desktop&#8221; locked=&#8221;off&#8221; _i=&#8221;0&#8243; _address=&#8221;0.0.1.0&#8243;]<\/p>\n<h3>Open Hours<\/h3>\n<p>Monday &#8211; Sunday: 9am \u2013 8pm<\/p>\n<p>[\/et_pb_text][\/et_pb_column][et_pb_column type=&#8221;1_3&#8243; _builder_version=&#8221;3.25&#8243; custom_padding=&#8221;|||&#8221; _i=&#8221;2&#8243; _address=&#8221;0.0.2&#8243; custom_padding__hover=&#8221;|||&#8221;][et_pb_text _builder_version=&#8221;3.29.3&#8243; text_font=&#8221;||||||||&#8221; text_font_size=&#8221;12px&#8221; text_line_height=&#8221;2em&#8221; link_font=&#8221;||||on||||&#8221; link_text_color=&#8221;#666666&#8243; header_font=&#8221;||||||||&#8221; header_text_align=&#8221;left&#8221; header_2_font=&#8221;||||||||&#8221; header_3_font=&#8221;|700||on|||||&#8221; header_3_font_size=&#8221;12px&#8221; header_3_letter_spacing=&#8221;5px&#8221; header_3_line_height=&#8221;1.8em&#8221; max_width_tablet=&#8221;70%&#8221; max_width_last_edited=&#8221;off|phone&#8221; header_3_font_size_last_edited=&#8221;on|desktop&#8221; locked=&#8221;off&#8221; _i=&#8221;0&#8243; _address=&#8221;0.0.2.0&#8243;]<\/p>\n<h3>Follow\u00a0<\/h3>\n<p>[\/et_pb_text][et_pb_social_media_follow _builder_version=&#8221;3.29.3&#8243; text_orientation=&#8221;left&#8221; custom_margin=&#8221;-20px|||-10px&#8221; custom_margin_phone=&#8221;-20px||&#8221; custom_margin_last_edited=&#8221;on|desktop&#8221; filter_invert=&#8221;100%&#8221; locked=&#8221;off&#8221; icon_color__hover=&#8221;#e02b20&#8243; _i=&#8221;1&#8243; _address=&#8221;0.0.2.1&#8243;][et_pb_social_media_follow_network social_network=&#8221;facebook&#8221; url=&#8221;https:\/\/www.facebook.com\/EGOVirgoCollaboration\/&#8221; _builder_version=&#8221;3.29.3&#8243; follow_button=&#8221;off&#8221; url_new_window=&#8221;on&#8221; _i=&#8221;0&#8243; _address=&#8221;0.0.2.1.0&#8243;]facebook[\/et_pb_social_media_follow_network][et_pb_social_media_follow_network social_network=&#8221;twitter&#8221; url=&#8221;https:\/\/twitter.com\/ego_virgo?lang=en&#8221; _builder_version=&#8221;3.29.3&#8243; follow_button=&#8221;off&#8221; url_new_window=&#8221;on&#8221; _i=&#8221;1&#8243; _address=&#8221;0.0.2.1.1&#8243;]twitter[\/et_pb_social_media_follow_network][\/et_pb_social_media_follow][\/et_pb_column][\/et_pb_row][et_pb_row _builder_version=&#8221;3.29.3&#8243; _i=&#8221;1&#8243; _address=&#8221;0.1&#8243;][et_pb_column type=&#8221;4_4&#8243; _builder_version=&#8221;3.29.3&#8243; _i=&#8221;0&#8243; _address=&#8221;0.1.0&#8243;][et_pb_text _builder_version=&#8221;3.29.3&#8243; _i=&#8221;0&#8243; _address=&#8221;0.1.0.0&#8243;]<\/p>\n<table width=\"261\" style=\"height: 42px;margin-left: auto;margin-right: auto\">\n<tbody>\n<tr>\n<td style=\"width: 17px;text-align: center\"><a href=\"https:\/\/www.comune.pisa.it\/it\/home\"><img loading=\"lazy\" decoding=\"async\" src=\"https:\/\/sites.ego-gw.eu\/ilritmodellospazio\/wp-content\/uploads\/sites\/2\/2019\/10\/comune_Pisa_logo_COLORE2.png\" width=\"38\" height=\"47\" alt=\"\" class=\"wp-image-384 alignnone size-full\" style=\"margin-left: auto;margin-right: auto\" \/><\/a><\/td>\n<td style=\"width: 18px;text-align: center\"><a href=\"https:\/\/museodellagrafica.sma.unipi.it\/\"><img loading=\"lazy\" decoding=\"async\" src=\"https:\/\/sites.ego-gw.eu\/ilritmodellospazio\/wp-content\/uploads\/sites\/2\/2019\/10\/logo-nuovo-museo-Grafica.png\" width=\"41\" height=\"31\" alt=\"\" class=\"wp-image-380 alignnone size-full\" style=\"margin-left: auto;margin-right: auto\" srcset=\"https:\/\/sites.ego-gw.eu\/ilritmodellospazio\/wp-content\/uploads\/sites\/2\/2019\/10\/logo-nuovo-museo-Grafica-1280x986.png 1280w, https:\/\/sites.ego-gw.eu\/ilritmodellospazio\/wp-content\/uploads\/sites\/2\/2019\/10\/logo-nuovo-museo-Grafica-980x755.png 980w, https:\/\/sites.ego-gw.eu\/ilritmodellospazio\/wp-content\/uploads\/sites\/2\/2019\/10\/logo-nuovo-museo-Grafica-480x370.png 480w\" sizes=\"auto, (min-width: 0px) and (max-width: 480px) 480px, (min-width: 481px) and (max-width: 980px) 980px, (min-width: 981px) and (max-width: 1280px) 1280px, 100vw\" \/><\/a><\/td>\n<td style=\"width: 19px;text-align: center\"><a href=\"https:\/\/www.unipi.it\/\"><img loading=\"lazy\" decoding=\"async\" src=\"https:\/\/sites.ego-gw.eu\/ilritmodellospazio\/wp-content\/uploads\/sites\/2\/2019\/10\/UNIPI_Logo.png\" width=\"64\" height=\"34\" alt=\"\" class=\"wp-image-385 alignnone size-full\" style=\"margin-left: auto;margin-right: auto\" srcset=\"https:\/\/sites.ego-gw.eu\/ilritmodellospazio\/wp-content\/uploads\/sites\/2\/2019\/10\/UNIPI_Logo-1280x682.png 1280w, https:\/\/sites.ego-gw.eu\/ilritmodellospazio\/wp-content\/uploads\/sites\/2\/2019\/10\/UNIPI_Logo-980x522.png 980w, https:\/\/sites.ego-gw.eu\/ilritmodellospazio\/wp-content\/uploads\/sites\/2\/2019\/10\/UNIPI_Logo-480x256.png 480w\" sizes=\"auto, (min-width: 0px) and (max-width: 480px) 480px, (min-width: 481px) and (max-width: 980px) 980px, (min-width: 981px) and (max-width: 1280px) 1280px, 100vw\" \/><\/a><\/td>\n<td style=\"width: 20px;text-align: center\"><a href=\"https:\/\/www.ego-gw.it\/index.aspx\"><img loading=\"lazy\" decoding=\"async\" src=\"https:\/\/sites.ego-gw.eu\/ilritmodellospazio\/wp-content\/uploads\/sites\/2\/2019\/10\/Logo-EGO_Virgo.png\" width=\"7092\" height=\"884\" alt=\"\" class=\"wp-image-377 alignnone size-full\" style=\"margin-left: auto;margin-right: auto\" srcset=\"https:\/\/sites.ego-gw.eu\/ilritmodellospazio\/wp-content\/uploads\/sites\/2\/2019\/10\/Logo-EGO_Virgo.png 7092w, https:\/\/sites.ego-gw.eu\/ilritmodellospazio\/wp-content\/uploads\/sites\/2\/2019\/10\/Logo-EGO_Virgo-1280x160.png 1280w, https:\/\/sites.ego-gw.eu\/ilritmodellospazio\/wp-content\/uploads\/sites\/2\/2019\/10\/Logo-EGO_Virgo-980x122.png 980w, https:\/\/sites.ego-gw.eu\/ilritmodellospazio\/wp-content\/uploads\/sites\/2\/2019\/10\/Logo-EGO_Virgo-480x60.png 480w\" sizes=\"auto, (min-width: 0px) and (max-width: 480px) 480px, (min-width: 481px) and (max-width: 980px) 980px, (min-width: 981px) and (max-width: 1280px) 1280px, (min-width: 1281px) 7092px, 100vw\" \/><\/a><\/td>\n<td style=\"width: 20px;text-align: center\"><a href=\"https:\/\/www.fondationcarasso.org\/\"><img loading=\"lazy\" decoding=\"async\" src=\"https:\/\/sites.ego-gw.eu\/ilritmodellospazio\/wp-content\/uploads\/sites\/2\/2019\/10\/LOGO_F-Carasso_FR_RVB.jpg\" width=\"1961\" height=\"1010\" alt=\"\" class=\"wp-image-379 alignnone size-full\" style=\"margin-left: auto;margin-right: auto\" srcset=\"https:\/\/sites.ego-gw.eu\/ilritmodellospazio\/wp-content\/uploads\/sites\/2\/2019\/10\/LOGO_F-Carasso_FR_RVB.jpg 1961w, https:\/\/sites.ego-gw.eu\/ilritmodellospazio\/wp-content\/uploads\/sites\/2\/2019\/10\/LOGO_F-Carasso_FR_RVB-1280x659.jpg 1280w, https:\/\/sites.ego-gw.eu\/ilritmodellospazio\/wp-content\/uploads\/sites\/2\/2019\/10\/LOGO_F-Carasso_FR_RVB-980x505.jpg 980w, https:\/\/sites.ego-gw.eu\/ilritmodellospazio\/wp-content\/uploads\/sites\/2\/2019\/10\/LOGO_F-Carasso_FR_RVB-480x247.jpg 480w\" sizes=\"auto, (min-width: 0px) and (max-width: 480px) 480px, (min-width: 481px) and (max-width: 980px) 980px, (min-width: 981px) and (max-width: 1280px) 1280px, (min-width: 1281px) 1961px, 100vw\" \/><\/a><\/td>\n<td style=\"width: 20px;text-align: center\"><a href=\"http:\/\/www.cnrs.fr\/fr\/page-daccueil\"><img loading=\"lazy\" decoding=\"async\" src=\"https:\/\/sites.ego-gw.eu\/ilritmodellospazio\/wp-content\/uploads\/sites\/2\/2019\/10\/Logo80ANS_COMBINE_OR.png\" width=\"53\" height=\"30\" alt=\"\" class=\"wp-image-387 alignnone size-full\" srcset=\"https:\/\/sites.ego-gw.eu\/ilritmodellospazio\/wp-content\/uploads\/sites\/2\/2019\/10\/Logo80ANS_COMBINE_OR-980x551.png 980w, https:\/\/sites.ego-gw.eu\/ilritmodellospazio\/wp-content\/uploads\/sites\/2\/2019\/10\/Logo80ANS_COMBINE_OR-480x270.png 480w\" sizes=\"auto, (min-width: 0px) and (max-width: 480px) 480px, (min-width: 481px) and (max-width: 980px) 980px, 100vw\" \/><\/a><\/td>\n<td style=\"width: 20px;text-align: center\"><a href=\"http:\/\/home.infn.it\/it\/\"><img loading=\"lazy\" decoding=\"async\" src=\"https:\/\/sites.ego-gw.eu\/ilritmodellospazio\/wp-content\/uploads\/sites\/2\/2019\/10\/LOGO_INFN_NEWS_sito.jpg\" width=\"58\" height=\"32\" alt=\"\" class=\"wp-image-386 alignnone size-full\" srcset=\"https:\/\/sites.ego-gw.eu\/ilritmodellospazio\/wp-content\/uploads\/sites\/2\/2019\/10\/LOGO_INFN_NEWS_sito-980x544.jpg 980w, https:\/\/sites.ego-gw.eu\/ilritmodellospazio\/wp-content\/uploads\/sites\/2\/2019\/10\/LOGO_INFN_NEWS_sito-480x266.jpg 480w\" sizes=\"auto, (min-width: 0px) and (max-width: 480px) 480px, (min-width: 481px) and (max-width: 980px) 980px, 100vw\" \/><\/a><\/td>\n<td style=\"width: 21px;text-align: center\"><a href=\"http:\/\/www.apc.univ-paris7.fr\/APC_CS\/\"><img loading=\"lazy\" decoding=\"async\" src=\"https:\/\/sites.ego-gw.eu\/ilritmodellospazio\/wp-content\/uploads\/sites\/2\/2019\/10\/logo_APC.png\" width=\"36\" height=\"39\" alt=\"\" class=\"wp-image-388 alignnone size-full\" srcset=\"https:\/\/sites.ego-gw.eu\/ilritmodellospazio\/wp-content\/uploads\/sites\/2\/2019\/10\/logo_APC-1280x1359.png 1280w, https:\/\/sites.ego-gw.eu\/ilritmodellospazio\/wp-content\/uploads\/sites\/2\/2019\/10\/logo_APC-980x1040.png 980w, https:\/\/sites.ego-gw.eu\/ilritmodellospazio\/wp-content\/uploads\/sites\/2\/2019\/10\/logo_APC-480x509.png 480w\" sizes=\"auto, (min-width: 0px) and (max-width: 480px) 480px, (min-width: 481px) and (max-width: 980px) 980px, (min-width: 981px) and (max-width: 1280px) 1280px, 100vw\" \/><\/a><\/td>\n<td style=\"width: 21px;text-align: center\"><a href=\"http:\/\/www.regione.toscana.it\/\"><img loading=\"lazy\" decoding=\"async\" src=\"https:\/\/sites.ego-gw.eu\/ilritmodellospazio\/wp-content\/uploads\/sites\/2\/2019\/10\/RegioneToscanaLogo.png\" width=\"37\" height=\"58\" alt=\"\" class=\"wp-image-381 alignnone size-full\" srcset=\"https:\/\/sites.ego-gw.eu\/ilritmodellospazio\/wp-content\/uploads\/sites\/2\/2019\/10\/RegioneToscanaLogo.png 435w, https:\/\/sites.ego-gw.eu\/ilritmodellospazio\/wp-content\/uploads\/sites\/2\/2019\/10\/RegioneToscanaLogo-192x300.png 192w\" sizes=\"auto, (max-width: 37px) 100vw, 37px\" \/><\/a><\/td>\n<td style=\"width: 21px;text-align: center\"><a href=\"https:\/\/www.sma.unipi.it\/\"><img loading=\"lazy\" decoding=\"async\" src=\"https:\/\/sites.ego-gw.eu\/ilritmodellospazio\/wp-content\/uploads\/sites\/2\/2019\/10\/sistema-museale-ateneo-pisa-SMA_Logo.png\" width=\"56\" height=\"24\" alt=\"\" class=\"wp-image-383 alignnone size-full\" srcset=\"https:\/\/sites.ego-gw.eu\/ilritmodellospazio\/wp-content\/uploads\/sites\/2\/2019\/10\/sistema-museale-ateneo-pisa-SMA_Logo-1280x552.png 1280w, https:\/\/sites.ego-gw.eu\/ilritmodellospazio\/wp-content\/uploads\/sites\/2\/2019\/10\/sistema-museale-ateneo-pisa-SMA_Logo-980x423.png 980w, https:\/\/sites.ego-gw.eu\/ilritmodellospazio\/wp-content\/uploads\/sites\/2\/2019\/10\/sistema-museale-ateneo-pisa-SMA_Logo-480x207.png 480w\" sizes=\"auto, (min-width: 0px) and (max-width: 480px) 480px, (min-width: 481px) and (max-width: 980px) 980px, (min-width: 981px) and (max-width: 1280px) 1280px, 100vw\" \/><\/a><\/td>\n<\/tr>\n<\/tbody>\n<\/table>\n<p>[\/et_pb_text][\/et_pb_column][\/et_pb_row][\/et_pb_section]<\/p>\n","protected":false},"excerpt":{"rendered":"<p>Gorka Alda\u00a0N\u00e9 \u00e0 San Sebasti\u00e1n, compositeur. Vit et travaille \u00e0 Paris. Il con\u00e7oit des concerts sc\u00e9niques, des installations sonores et compose des pi\u00e8ces mixtes (\u00e9lectroacoustiques et instrumentales), principalement dans des espaces ext\u00e9rieurs ou non conventionnels, en \u00e9tablissant un dialogue entre la po\u00e9tique de l\u2019espace, la mat\u00e9rialit\u00e9 du lieu et l\u2019univers qui le contient. Il a [&hellip;]<\/p>\n","protected":false},"author":2,"featured_media":0,"parent":0,"menu_order":0,"comment_status":"closed","ping_status":"closed","template":"","meta":{"_et_pb_use_builder":"on","_et_pb_old_content":"","_et_gb_content_width":"","footnotes":""},"class_list":["post-348","page","type-page","status-publish","hentry"],"yoast_head":"<!-- This site is optimized with the Yoast SEO plugin v22.5 - https:\/\/yoast.com\/wordpress\/plugins\/seo\/ -->\n<title>Gorka Alda - Il Ritmo Dello Spazio<\/title>\n<meta name=\"robots\" content=\"index, follow, max-snippet:-1, max-image-preview:large, max-video-preview:-1\" \/>\n<link rel=\"canonical\" href=\"https:\/\/sites.ego-gw.eu\/ilritmodellospazio\/gorka-alda\/\" \/>\n<meta property=\"og:locale\" content=\"en_US\" \/>\n<meta property=\"og:type\" content=\"article\" \/>\n<meta property=\"og:title\" content=\"Gorka Alda - Il Ritmo Dello Spazio\" \/>\n<meta property=\"og:description\" content=\"Gorka Alda\u00a0N\u00e9 \u00e0 San Sebasti\u00e1n, compositeur. Vit et travaille \u00e0 Paris. Il con\u00e7oit des concerts sc\u00e9niques, des installations sonores et compose des pi\u00e8ces mixtes (\u00e9lectroacoustiques et instrumentales), principalement dans des espaces ext\u00e9rieurs ou non conventionnels, en \u00e9tablissant un dialogue entre la po\u00e9tique de l\u2019espace, la mat\u00e9rialit\u00e9 du lieu et l\u2019univers qui le contient. Il a [&hellip;]\" \/>\n<meta property=\"og:url\" content=\"https:\/\/sites.ego-gw.eu\/ilritmodellospazio\/gorka-alda\/\" \/>\n<meta property=\"og:site_name\" content=\"Il Ritmo Dello Spazio\" \/>\n<meta property=\"article:modified_time\" content=\"2019-10-04T08:00:20+00:00\" \/>\n<meta property=\"og:image\" content=\"https:\/\/sites.ego-gw.eu\/ilritmodellospazio\/wp-content\/uploads\/sites\/2\/2019\/10\/G.Alda_-150x150.png\" \/>\n<meta name=\"twitter:card\" content=\"summary_large_image\" \/>\n<meta name=\"twitter:label1\" content=\"Est. reading time\" \/>\n\t<meta name=\"twitter:data1\" content=\"4 minutes\" \/>\n<script type=\"application\/ld+json\" class=\"yoast-schema-graph\">{\"@context\":\"https:\/\/schema.org\",\"@graph\":[{\"@type\":\"WebPage\",\"@id\":\"https:\/\/sites.ego-gw.eu\/ilritmodellospazio\/gorka-alda\/\",\"url\":\"https:\/\/sites.ego-gw.eu\/ilritmodellospazio\/gorka-alda\/\",\"name\":\"Gorka Alda - Il Ritmo Dello Spazio\",\"isPartOf\":{\"@id\":\"https:\/\/sites.ego-gw.eu\/ilritmodellospazio\/#website\"},\"primaryImageOfPage\":{\"@id\":\"https:\/\/sites.ego-gw.eu\/ilritmodellospazio\/gorka-alda\/#primaryimage\"},\"image\":{\"@id\":\"https:\/\/sites.ego-gw.eu\/ilritmodellospazio\/gorka-alda\/#primaryimage\"},\"thumbnailUrl\":\"https:\/\/sites.ego-gw.eu\/ilritmodellospazio\/wp-content\/uploads\/sites\/2\/2019\/10\/G.Alda_-150x150.png\",\"datePublished\":\"2019-10-02T14:07:10+00:00\",\"dateModified\":\"2019-10-04T08:00:20+00:00\",\"breadcrumb\":{\"@id\":\"https:\/\/sites.ego-gw.eu\/ilritmodellospazio\/gorka-alda\/#breadcrumb\"},\"inLanguage\":\"en-US\",\"potentialAction\":[{\"@type\":\"ReadAction\",\"target\":[\"https:\/\/sites.ego-gw.eu\/ilritmodellospazio\/gorka-alda\/\"]}]},{\"@type\":\"ImageObject\",\"inLanguage\":\"en-US\",\"@id\":\"https:\/\/sites.ego-gw.eu\/ilritmodellospazio\/gorka-alda\/#primaryimage\",\"url\":\"https:\/\/sites.ego-gw.eu\/ilritmodellospazio\/wp-content\/uploads\/sites\/2\/2019\/10\/G.Alda_.png\",\"contentUrl\":\"https:\/\/sites.ego-gw.eu\/ilritmodellospazio\/wp-content\/uploads\/sites\/2\/2019\/10\/G.Alda_.png\",\"width\":181,\"height\":220},{\"@type\":\"BreadcrumbList\",\"@id\":\"https:\/\/sites.ego-gw.eu\/ilritmodellospazio\/gorka-alda\/#breadcrumb\",\"itemListElement\":[{\"@type\":\"ListItem\",\"position\":1,\"name\":\"Home\",\"item\":\"https:\/\/sites.ego-gw.eu\/ilritmodellospazio\/\"},{\"@type\":\"ListItem\",\"position\":2,\"name\":\"Gorka Alda\"}]},{\"@type\":\"WebSite\",\"@id\":\"https:\/\/sites.ego-gw.eu\/ilritmodellospazio\/#website\",\"url\":\"https:\/\/sites.ego-gw.eu\/ilritmodellospazio\/\",\"name\":\"Il Ritmo Dello Spazio\",\"description\":\"Da Marconi alle onde gravitazionali\",\"potentialAction\":[{\"@type\":\"SearchAction\",\"target\":{\"@type\":\"EntryPoint\",\"urlTemplate\":\"https:\/\/sites.ego-gw.eu\/ilritmodellospazio\/?s={search_term_string}\"},\"query-input\":\"required name=search_term_string\"}],\"inLanguage\":\"en-US\"}]}<\/script>\n<!-- \/ Yoast SEO plugin. -->","yoast_head_json":{"title":"Gorka Alda - Il Ritmo Dello Spazio","robots":{"index":"index","follow":"follow","max-snippet":"max-snippet:-1","max-image-preview":"max-image-preview:large","max-video-preview":"max-video-preview:-1"},"canonical":"https:\/\/sites.ego-gw.eu\/ilritmodellospazio\/gorka-alda\/","og_locale":"en_US","og_type":"article","og_title":"Gorka Alda - Il Ritmo Dello Spazio","og_description":"Gorka Alda\u00a0N\u00e9 \u00e0 San Sebasti\u00e1n, compositeur. Vit et travaille \u00e0 Paris. Il con\u00e7oit des concerts sc\u00e9niques, des installations sonores et compose des pi\u00e8ces mixtes (\u00e9lectroacoustiques et instrumentales), principalement dans des espaces ext\u00e9rieurs ou non conventionnels, en \u00e9tablissant un dialogue entre la po\u00e9tique de l\u2019espace, la mat\u00e9rialit\u00e9 du lieu et l\u2019univers qui le contient. Il a [&hellip;]","og_url":"https:\/\/sites.ego-gw.eu\/ilritmodellospazio\/gorka-alda\/","og_site_name":"Il Ritmo Dello Spazio","article_modified_time":"2019-10-04T08:00:20+00:00","og_image":[{"url":"https:\/\/sites.ego-gw.eu\/ilritmodellospazio\/wp-content\/uploads\/sites\/2\/2019\/10\/G.Alda_-150x150.png"}],"twitter_card":"summary_large_image","twitter_misc":{"Est. reading time":"4 minutes"},"schema":{"@context":"https:\/\/schema.org","@graph":[{"@type":"WebPage","@id":"https:\/\/sites.ego-gw.eu\/ilritmodellospazio\/gorka-alda\/","url":"https:\/\/sites.ego-gw.eu\/ilritmodellospazio\/gorka-alda\/","name":"Gorka Alda - Il Ritmo Dello Spazio","isPartOf":{"@id":"https:\/\/sites.ego-gw.eu\/ilritmodellospazio\/#website"},"primaryImageOfPage":{"@id":"https:\/\/sites.ego-gw.eu\/ilritmodellospazio\/gorka-alda\/#primaryimage"},"image":{"@id":"https:\/\/sites.ego-gw.eu\/ilritmodellospazio\/gorka-alda\/#primaryimage"},"thumbnailUrl":"https:\/\/sites.ego-gw.eu\/ilritmodellospazio\/wp-content\/uploads\/sites\/2\/2019\/10\/G.Alda_-150x150.png","datePublished":"2019-10-02T14:07:10+00:00","dateModified":"2019-10-04T08:00:20+00:00","breadcrumb":{"@id":"https:\/\/sites.ego-gw.eu\/ilritmodellospazio\/gorka-alda\/#breadcrumb"},"inLanguage":"en-US","potentialAction":[{"@type":"ReadAction","target":["https:\/\/sites.ego-gw.eu\/ilritmodellospazio\/gorka-alda\/"]}]},{"@type":"ImageObject","inLanguage":"en-US","@id":"https:\/\/sites.ego-gw.eu\/ilritmodellospazio\/gorka-alda\/#primaryimage","url":"https:\/\/sites.ego-gw.eu\/ilritmodellospazio\/wp-content\/uploads\/sites\/2\/2019\/10\/G.Alda_.png","contentUrl":"https:\/\/sites.ego-gw.eu\/ilritmodellospazio\/wp-content\/uploads\/sites\/2\/2019\/10\/G.Alda_.png","width":181,"height":220},{"@type":"BreadcrumbList","@id":"https:\/\/sites.ego-gw.eu\/ilritmodellospazio\/gorka-alda\/#breadcrumb","itemListElement":[{"@type":"ListItem","position":1,"name":"Home","item":"https:\/\/sites.ego-gw.eu\/ilritmodellospazio\/"},{"@type":"ListItem","position":2,"name":"Gorka Alda"}]},{"@type":"WebSite","@id":"https:\/\/sites.ego-gw.eu\/ilritmodellospazio\/#website","url":"https:\/\/sites.ego-gw.eu\/ilritmodellospazio\/","name":"Il Ritmo Dello Spazio","description":"Da Marconi alle onde gravitazionali","potentialAction":[{"@type":"SearchAction","target":{"@type":"EntryPoint","urlTemplate":"https:\/\/sites.ego-gw.eu\/ilritmodellospazio\/?s={search_term_string}"},"query-input":"required name=search_term_string"}],"inLanguage":"en-US"}]}},"_links":{"self":[{"href":"https:\/\/sites.ego-gw.eu\/ilritmodellospazio\/wp-json\/wp\/v2\/pages\/348","targetHints":{"allow":["GET"]}}],"collection":[{"href":"https:\/\/sites.ego-gw.eu\/ilritmodellospazio\/wp-json\/wp\/v2\/pages"}],"about":[{"href":"https:\/\/sites.ego-gw.eu\/ilritmodellospazio\/wp-json\/wp\/v2\/types\/page"}],"author":[{"embeddable":true,"href":"https:\/\/sites.ego-gw.eu\/ilritmodellospazio\/wp-json\/wp\/v2\/users\/2"}],"replies":[{"embeddable":true,"href":"https:\/\/sites.ego-gw.eu\/ilritmodellospazio\/wp-json\/wp\/v2\/comments?post=348"}],"version-history":[{"count":8,"href":"https:\/\/sites.ego-gw.eu\/ilritmodellospazio\/wp-json\/wp\/v2\/pages\/348\/revisions"}],"predecessor-version":[{"id":928,"href":"https:\/\/sites.ego-gw.eu\/ilritmodellospazio\/wp-json\/wp\/v2\/pages\/348\/revisions\/928"}],"wp:attachment":[{"href":"https:\/\/sites.ego-gw.eu\/ilritmodellospazio\/wp-json\/wp\/v2\/media?parent=348"}],"curies":[{"name":"wp","href":"https:\/\/api.w.org\/{rel}","templated":true}]}}